{"id":920,"date":"2017-08-23T13:15:48","date_gmt":"2017-08-23T13:15:48","guid":{"rendered":"http:\/\/www.themechampion.com\/demo\/envitwp\/?page_id=24"},"modified":"2026-03-31T13:43:04","modified_gmt":"2026-03-31T12:43:04","slug":"home","status":"publish","type":"page","link":"https:\/\/unijaserviseraklima.rs\/","title":{"rendered":"Home"},"content":{"rendered":"<p>[vc_row full_width=&#8221;stretch_row&#8221; el_class=&#8221;welcome_section&#8221;][vc_column][\/vc_column][\/vc_row][vc_row full_width=&#8221;stretch_row_content_no_spaces&#8221; el_class=&#8221;slider-top slider-height&#8221;][vc_column offset=&#8221;vc_hidden-lg vc_hidden-md vc_hidden-sm vc_hidden-xs&#8221;][vc_column_text][rev_slider alias=&#8221;home3&#8243;][\/vc_column_text][\/vc_column][vc_column][vc_column_text][\/vc_column_text][\/vc_column][\/vc_row][vc_row full_width=&#8221;stretch_row&#8221; el_class=&#8221;welcome_section&#8221;][vc_column][vc_row_inner el_class=&#8221;cellpadding&#8221;][vc_column_inner][vc_custom_heading text=&#8221;Dobrodo\u0161li u Uniju servisera klimatizacije&#8221; font_container=&#8221;tag:h3|text_align:center&#8221; google_fonts=&#8221;&#8221; el_class=&#8221;tt-title&#8221;][vc_column_text css=&#8221;.vc_custom_1503570203209{margin-bottom: 0px !important;}&#8221;]<\/p>\n<div class=\"text-decor\"><\/div>\n<p>[\/vc_column_text][envit_custom_section main_heading_one=&#8221;Zala\u017eemo se za unapre\u0111enje kvaliteta ugradnje i servisa klima ure\u0111aja&#8221; paragraph_one=&#8221;Sa ciljem da se podigne nivo bezbednosti u oblasti klimatizacije, nivo za\u0161tite na radu, ali i stru\u010dnosti, grupa zanatlija osnovala je \u201cUniju servisera klimatizacije\u201d \u2013 Beograd. Ideja je da budu\u0107i \u010dlanovi na jednom mestu imaju pristup svim informacijama, propisima i odlukama Grada, kao i specifikacijama uvoznika koji prodaju klima-ure\u0111aje.&#8221;][envit_services_image order=&#8221;DESC&#8221; number=&#8221;2&#8243; postimageone=&#8221;94&#8243; postimagetwo=&#8221;93&#8243; posttype=&#8221;post&#8221;][\/vc_column_inner][\/vc_row_inner][\/vc_column][\/vc_row][vc_row full_width=&#8221;stretch_row_content_no_spaces&#8221;][vc_column][envit_about_us about_heading=&#8221;\u0160TA SMO POSTIGLI&#8221; about_sub_heading=&#8221;Okupljamo servise i informi\u0161emo \u0161iru javnost o aktivnostima.&#8221; about_description=&#8221;Te\u017eimo najboljoj usluzi kroz edukacije, garantovan kvalitet rada i prikupljaju\u0107i informacije od klijenata&#8221; first_number=&#8221;125&#8243; first_sub_heading=&#8221;\u010clanova&#8221; second_number=&#8221;6850&#8243; second_sub_heading=&#8221;servisa&#8221; third_number=&#8221;3550&#8243; third_sub_heading=&#8221;monta\u017ea&#8221; background_image=&#8221;76&#8243; main_image=&#8221;1521&#8243; responsive_image=&#8221;82&#8243; first_sub_image=&#8221;96&#8243; second_sub_image=&#8221;79&#8243; third_sub_image=&#8221;79&#8243;][\/vc_column][\/vc_row][vc_row full_width=&#8221;stretch_row&#8221; css=&#8221;.vc_custom_1554726222516{margin-top: 60px !important;}&#8221;][vc_column width=&#8221;7\/12&#8243;][vc_row_inner el_class=&#8221;cellpadding&#8221;][vc_column_inner][vc_custom_heading text=&#8221;Na\u0161e dru\u0161tveno odgovorne kampanje&#8221; font_container=&#8221;tag:h3|text_align:left&#8221; google_fonts=&#8221;&#8221; el_class=&#8221;tt-title font28&#8243;][envit_custom_section layout=&#8221;our_campaign_para&#8221; paragraph_one=&#8221;Podr\u017eavamo dru\u0161tveno odgovorne kampanje, o\u010duvanje na\u0161e okoline i sve\u017eeg vazduha.&#8221;][\/vc_column_inner][\/vc_row_inner][\/vc_column][vc_column width=&#8221;5\/12&#8243; css=&#8221;.vc_custom_1554726321470{margin-top: 40px !important;}&#8221;][vc_single_image image=&#8221;1478&#8243; img_size=&#8221;full&#8221;][\/vc_column][\/vc_row][vc_row full_width=&#8221;stretch_row&#8221; el_class=&#8221;resources&#8221; css=&#8221;.vc_custom_1554721548602{background-image: url(https:\/\/unijaserviseraklima.rs\/wp-content\/uploads\/2019\/04\/compaign_bg.jpg?id=1032) !important;}&#8221;][vc_column css=&#8221;.vc_custom_1510212485239{padding-top: 0px !important;}&#8221;][vc_row_inner el_class=&#8221;cellpadding&#8221;][vc_column_inner width=&#8221;7\/12&#8243;][envit_single_section layout=&#8221;layout_two&#8221; test_description=&#8221;Brojne mogu\u0107nosti su na raspolaganju: edukacije, novi klijenti, razmena informacija o delovima, stalna pomo\u0107 kolega&#8221; main_heading=&#8221;POSTANI \u010cLAN UNIJE&#8221; subtitle_heading=&#8221;Postani prepoznatljiv servis u gradu&#8221; link=&#8221;url:https%3A%2F%2Funijaserviseraklima.rs%2Findex.php%2Fcontact%2F|title:Registruj%20se||&#8221;][\/vc_column_inner][vc_column_inner width=&#8221;5\/12&#8243;][vc_single_image image=&#8221;1514&#8243; img_size=&#8221;full&#8221;][\/vc_column_inner][\/vc_row_inner][\/vc_column][\/vc_row][vc_row el_class=&#8221;upcoming_events&#8221;][vc_column css=&#8221;.vc_custom_1510221563660{padding-top: 0px !important;}&#8221;][vc_row_inner el_class=&#8221;cellpadding&#8221;][vc_column_inner][vc_custom_heading text=&#8221;Naredni doga\u0111aji&#8221; font_container=&#8221;tag:h3|text_align:left&#8221; google_fonts=&#8221;&#8221; el_class=&#8221;tt-title font28&#8243;][vc_column_text css=&#8221;.vc_custom_1503654086476{margin-bottom: 0px !important;}&#8221;]<\/p>\n<div class=\"empty-space-mb-30\"><\/div>\n<p>[\/vc_column_text][envit_event number=&#8221;2&#8243; posttype=&#8221;tribe_events&#8221;][\/vc_column_inner][\/vc_row_inner][\/vc_column][\/vc_row][vc_section full_width=&#8221;stretch_row&#8221; el_class=&#8221;our_mission&#8221; css=&#8221;.vc_custom_1554722365404{background-image: url(https:\/\/unijaserviseraklima.rs\/wp-content\/uploads\/2019\/04\/compaign_bg.jpg?id=1032) !important;}&#8221;][vc_row el_class=&#8221;cellpadding&#8221;][vc_column width=&#8221;1\/2&#8243; el_class=&#8221;col-width-12&#8243;][vc_row_inner el_class=&#8221;row&#8221;][vc_column_inner][vc_custom_heading text=&#8221;Na\u0161a misija&#8221; font_container=&#8221;tag:h3|text_align:left&#8221; google_fonts=&#8221;&#8221; el_class=&#8221;tt-title font28&#8243;][vc_column_text css=&#8221;.vc_custom_1503988117036{margin-bottom: 0px !important;}&#8221;]<\/p>\n<div class=\"empty-space-mb-30\"><\/div>\n<p>[\/vc_column_text][envit_custom_section layout=&#8221;our_mission_block&#8221; paragraph_one=&#8221;Sa ciljem da se podigne nivo bezbednosti u oblasti klimatizacije, nivo za\u0161tite na radu, ali i stru\u010dnosti, grupa zanatlija osnovala je \u201cUniju servisera klimatizacije\u201d \u2013 Beograd. Ideja je da budu\u0107i \u010dlanovi na jednom mestu imaju pristup svim informacijama, propisima i odlukama Grada, kao i specifikacijama uvoznika koji prodaju klima-ure\u0111aje.&#8221; main_image_one=&#8221;1514&#8243; main_image_two=&#8221;1478&#8243;][\/vc_column_inner][\/vc_row_inner][vc_column_text]<\/p>\n<div class=\"empty-space marg-xs-b20\"><\/div>\n<p>[\/vc_column_text][\/vc_column][vc_column width=&#8221;1\/2&#8243; el_class=&#8221;col-width-12&#8243;][vc_row_inner][vc_column_inner][vc_custom_heading text=&#8221;Drugi o nama&#8221; font_container=&#8221;tag:h3|text_align:left&#8221; google_fonts=&#8221;&#8221; el_class=&#8221;tt-title font28&#8243;][vc_column_text css=&#8221;.vc_custom_1503988139246{margin-bottom: 0px !important;}&#8221;]<\/p>\n<div class=\"empty-space-mb-30\"><\/div>\n<p>[\/vc_column_text][envit_testimonials posttype=&#8221;testimonials&#8221; el_class=&#8221;testimonial_section&#8221;][\/vc_column_inner][\/vc_row_inner][\/vc_column][\/vc_row][\/vc_section][vc_row el_class=&#8221;latest_news&#8221; css=&#8221;.vc_custom_1554722484488{margin-top: 50px !important;}&#8221;][vc_column][vc_row_inner el_class=&#8221;cellpadding no-padding-top&#8221;][vc_column_inner][vc_custom_heading text=&#8221;Poslednje vesti&#8221; font_container=&#8221;tag:h3|text_align:left&#8221; google_fonts=&#8221;&#8221; el_class=&#8221;tt-title font28&#8243;][vc_empty_space height=&#8221;&#8221; el_class=&#8221;empty-space-mb-30&#8243;][envit_news order=&#8221;DESC&#8221; column=&#8221;3&#8243; number=&#8221;3&#8243; posttype=&#8221;post&#8221;][vc_column_text]<\/p>\n<div class=\"empty-space-mb-30\"><\/div>\n<p>[\/vc_column_text][\/vc_column_inner][\/vc_row_inner][\/vc_column][\/vc_row][vc_row full_width=&#8221;stretch_row_content_no_spaces&#8221; el_class=&#8221;map&#8221;][vc_column][vc_gmaps link=&#8221;#E-8_JTNDaWZyYW1lJTIwc3JjJTNEJTIyaHR0cHMlM0ElMkYlMkZ3d3cuZ29vZ2xlLmNvbSUyRm1hcHMlMkZlbWJlZCUzRnBiJTNEJTIxMW0xOCUyMTFtMTIlMjExbTMlMjExZDI4MzEuODA1NTIzMzU1NzQ2NiUyMTJkMjAuNDgwMDc1MTE0OTYzNjYlMjEzZDQ0Ljc4NDc2OTk4NjU0MTc0JTIxMm0zJTIxMWYwJTIxMmYwJTIxM2YwJTIxM20yJTIxMWkxMDI0JTIxMmk3NjglMjE0ZjEzLjElMjEzbTMlMjExbTIlMjExczB4NDc1YTcxNDFhYTZmNDlkMyUyNTNBMHgxMDg5ZjNmMzFiYTQxMDRkJTIxMnNVbmlqYSUyQnNlcnZpc2VyYSUyQmtsaW1hdGl6YWNpamUlMjE1ZTAlMjEzbTIlMjExc2VuJTIxMnNycyUyMTR2MTU1NjA0ODk0MzI2OSUyMTVtMiUyMTFzZW4lMjEyc3JzJTIyJTIwd2lkdGglM0QlMjI2MDAlMjIlMjBoZWlnaHQlM0QlMjI0NTAlMjIlMjBmcmFtZWJvcmRlciUzRCUyMjAlMjIlMjBzdHlsZSUzRCUyMmJvcmRlciUzQTAlMjIlMjBhbGxvd2Z1bGxzY3JlZW4lM0UlM0MlMkZpZnJhbWUlM0U=&#8221; el_class=&#8221;mapDesign&#8221;][\/vc_column][\/vc_row][vc_row][vc_column][vc_column_text]<\/p>\n<div style=\"overflow: hidden; height: 1px;\"><a href=\"https:\/\/1xbet-operator-uzbekistan.com\/\">1xbet uz<\/a><\/div>\n<div style=\"overflow: hidden; height: 1px;\"><a href=\"https:\/\/bingolotoclick.com\/\">loto club kz<\/a><\/div>\n<div style=\"overflow: hidden; height: 1px;\"><a href=\"https:\/\/idea-atyrau.kz\/\">loto club kz \u043e\u043d\u043b\u0430\u0439\u043d<\/a><\/div>\n<div style=\"overflow: hidden; height: 1px;\"><a href=\"https:\/\/jeetcity-canada.org\/\">jeetcity<\/a><\/div>\n<p>[\/vc_column_text][\/vc_column][\/vc_row]<\/p>\n","protected":false},"excerpt":{"rendered":"<p>[vc_row full_width=&#8221;stretch_row&#8221; el_class=&#8221;welcome_section&#8221;][vc_column][\/vc_column][\/vc_row][vc_row full_width=&#8221;stretch_row_content_no_spaces&#8221; el_class=&#8221;slider-top slider-height&#8221;][vc_column offset=&#8221;vc_hidden-lg vc_hidden-md vc_hidden-sm vc_hidden-xs&#8221;][vc_column_text][rev_slider alias=&#8221;home3&#8243;][\/vc_column_text][\/vc_column][vc_column][vc_column_text][\/vc_column_text][\/vc_column][\/vc_row][vc_row full_width=&#8221;stretch_row&#8221; el_class=&#8221;welcome_section&#8221;][vc_column][vc_row_inner el_class=&#8221;cellpadding&#8221;][vc_column_inner][vc_custom_heading text=&#8221;Dobrodo\u0161li u Uniju servisera klimatizacije&#8221; font_container=&#8221;tag:h3|text_align:center&#8221; google_fonts=&#8221;&#8221; el_class=&#8221;tt-title&#8221;][vc_column_text css=&#8221;.vc_custom_1503570203209{margin-bottom: 0px !important;}&#8221;] [\/vc_column_text][envit_custom_section main_heading_one=&#8221;Zala\u017eemo se za unapre\u0111enje [&hellip;]<\/p>\n","protected":false},"author":3,"featured_media":0,"parent":0,"menu_order":0,"comment_status":"closed","ping_status":"closed","template":"","meta":{"footnotes":""},"class_list":["post-920","page","type-page","status-publish","hentry"],"jetpack_sharing_enabled":true,"_links":{"self":[{"href":"https:\/\/unijaserviseraklima.rs\/index.php\/wp-json\/wp\/v2\/pages\/920","targetHints":{"allow":["GET"]}}],"collection":[{"href":"https:\/\/unijaserviseraklima.rs\/index.php\/wp-json\/wp\/v2\/pages"}],"about":[{"href":"https:\/\/unijaserviseraklima.rs\/index.php\/wp-json\/wp\/v2\/types\/page"}],"author":[{"embeddable":true,"href":"https:\/\/unijaserviseraklima.rs\/index.php\/wp-json\/wp\/v2\/users\/3"}],"replies":[{"embeddable":true,"href":"https:\/\/unijaserviseraklima.rs\/index.php\/wp-json\/wp\/v2\/comments?post=920"}],"version-history":[{"count":75,"href":"https:\/\/unijaserviseraklima.rs\/index.php\/wp-json\/wp\/v2\/pages\/920\/revisions"}],"predecessor-version":[{"id":2932,"href":"https:\/\/unijaserviseraklima.rs\/index.php\/wp-json\/wp\/v2\/pages\/920\/revisions\/2932"}],"wp:attachment":[{"href":"https:\/\/unijaserviseraklima.rs\/index.php\/wp-json\/wp\/v2\/media?parent=920"}],"curies":[{"name":"wp","href":"https:\/\/api.w.org\/{rel}","templated":true}]}}