{"id":373,"date":"2017-09-06T13:35:32","date_gmt":"2017-09-06T13:35:32","guid":{"rendered":"http:\/\/www.themechampion.com\/demo\/envitwp\/?page_id=373"},"modified":"2026-03-30T16:04:11","modified_gmt":"2026-03-30T15:04:11","slug":"contact","status":"publish","type":"page","link":"https:\/\/unijaserviseraklima.rs\/index.php\/contact\/","title":{"rendered":"Kontakt"},"content":{"rendered":"<p>[vc_section el_class=&#8221;contactus&#8221;][vc_row el_class=&#8221;cellpadding&#8221;][vc_column][vc_custom_heading text=&#8221;Kontakt&#8221; font_container=&#8221;tag:h3|text_align:left&#8221; google_fonts=&#8221;&#8221; el_class=&#8221;tt-title font28&#8243;][vc_column_text css=&#8221;.vc_custom_1630393252786{margin-bottom: 0px !important;}&#8221;]<\/p>\n<div class=\"simple-text font18\">Na\u0161e radno vreme je od ponedeljka do petka 09-17h. U svakom trenutku nas mo\u017eete kontaktirati popunjavanjem slede\u0107ih polja.<\/div>\n<div><\/div>\n<div>\n<h4 class=\"tt-subtitle text-center\">Va\u017eno obave\u0161tenje<\/h4>\n<div class=\"simple-text middle\">\n<p>PO\u0160TOVANI KLIJENTI,<\/p><\/div>\n<div class=\"wpb_text_column wpb_content_element \">\n<div class=\"wpb_wrapper\">\n<p><strong>TELEFON UNIJE JE JAKO PREOPTERE\u0106EN PA SE IZVINJAVAMO \u0160TO NISMO U MOGU\u0106NOSTI DA ODGOVORIMO NA SVAKI POZIV. KANCELARIJA UNIJE NE MONTIRA I NE ZAKAZUJE TERMINE.<\/strong><\/p>\n<p><strong>ZA USLUGE MONTA\u017dE, POPRAVKE ILI SERVISIRANJE KLIMA UREDJAJA ZADU\u017dENI SU NA\u0160I OVLA\u0160\u0106ENI \u010cLANOVI UNIJE. NJIHOVE KONTAKTE MO\u017dETE DA VIDITE U ODELJKU \u010cLANOVI, A ISTI SU PORE\u0110ANI PO BEOGRADSKIM OP\u0160TINAMA I GRADOVIMA SRBIJE. SA NA\u0160IM \u010cLANOVIMA SE DOGOVARATE OKO CENE I TERMINA ZA USLUGU KOJU \u017dELITE.<\/strong><\/p>\n<p>UKOLIKO IMATE DODATNIH PITANJA ILI VAM JE POTREBNA NEKA DRUGA INFORMACIJA, MO\u017dETE POSLATI MAIL NA UNIJASERVISERAKLIMA@GMAIL.COM<br \/>\nHVALA NA RAZUMEVANJU<br \/>\nUNIJA SERVISERA KLIMATIZACIJE SRBIJE<\/div>\n<\/div>\n<\/div>\n<div><\/div>\n<div><\/div>\n<p>[\/vc_column_text][vc_column_text css=&#8221;.vc_custom_1554539709544{margin-bottom: 0px !important;}&#8221;]-[\/vc_column_text][vc_row_inner][vc_column_inner width=&#8221;1\/2&#8243;]\n<div class=\"wpcf7 no-js\" id=\"wpcf7-f380-o1\" lang=\"en-US\" dir=\"ltr\" data-wpcf7-id=\"380\">\n<div class=\"screen-reader-response\"><p role=\"status\" aria-live=\"polite\" aria-atomic=\"true\"><\/p> <ul><\/ul><\/div>\n<form action=\"\/index.php\/wp-json\/wp\/v2\/pages\/373#wpcf7-f380-o1\" method=\"post\" class=\"wpcf7-form init\" aria-label=\"Contact form\" novalidate=\"novalidate\" data-status=\"init\">\n<fieldset class=\"hidden-fields-container\"><input type=\"hidden\" name=\"_wpcf7\" value=\"380\" \/><input type=\"hidden\" name=\"_wpcf7_version\" value=\"6.1.5\" \/><input type=\"hidden\" name=\"_wpcf7_locale\" value=\"en_US\" \/><input type=\"hidden\" name=\"_wpcf7_unit_tag\" value=\"wpcf7-f380-o1\" \/><input type=\"hidden\" name=\"_wpcf7_container_post\" value=\"0\" \/><input type=\"hidden\" name=\"_wpcf7_posted_data_hash\" value=\"\" \/><input type=\"hidden\" name=\"_wpcf7_recaptcha_response\" value=\"\" \/>\n<\/fieldset>\n<div class=\"ask_question contact_Form\">\n\t<p><span class=\"wpcf7-form-control-wrap\" data-name=\"your-name\"><input size=\"40\" maxlength=\"400\" class=\"wpcf7-form-control wpcf7-text wpcf7-validates-as-required form-control c-input\" aria-required=\"true\" aria-invalid=\"false\" placeholder=\"Ime\" value=\"\" type=\"text\" name=\"your-name\" \/><\/span><span class=\"wpcf7-form-control-wrap\" data-name=\"your-email\"><input size=\"40\" maxlength=\"400\" class=\"wpcf7-form-control wpcf7-email wpcf7-validates-as-required wpcf7-text wpcf7-validates-as-email form-control c-input\" aria-required=\"true\" aria-invalid=\"false\" placeholder=\"Email\" value=\"\" type=\"email\" name=\"your-email\" \/><\/span><span class=\"wpcf7-form-control-wrap\" data-name=\"your-subject\"><input size=\"40\" maxlength=\"400\" class=\"wpcf7-form-control wpcf7-text form-control c-input\" aria-invalid=\"false\" placeholder=\"Naslov\" value=\"\" type=\"text\" name=\"your-subject\" \/><\/span><span class=\"wpcf7-form-control-wrap\" data-name=\"your-message\"><textarea cols=\"40\" rows=\"10\" maxlength=\"2000\" class=\"wpcf7-form-control wpcf7-textarea form-control c-input\" aria-invalid=\"false\" placeholder=\"Poruka\" name=\"your-message\"><\/textarea><\/span>\n\t<\/p>\n\t<div class=\"button\">\n\t\t<p><input class=\"wpcf7-form-control wpcf7-submit has-spinner c-btn btn1 btn6\" type=\"submit\" value=\"Po\u0161alji\" \/>\n\t\t<\/p>\n\t<\/div>\n<\/div><p style=\"display: none !important;\" class=\"akismet-fields-container\" data-prefix=\"_wpcf7_ak_\"><label>&#916;<textarea name=\"_wpcf7_ak_hp_textarea\" cols=\"45\" rows=\"8\" maxlength=\"100\"><\/textarea><\/label><input type=\"hidden\" id=\"ak_js_1\" name=\"_wpcf7_ak_js\" value=\"213\"\/><script>document.getElementById( \"ak_js_1\" ).setAttribute( \"value\", ( new Date() ).getTime() );<\/script><\/p><div class=\"wpcf7-response-output\" aria-hidden=\"true\"><\/div>\n<\/form>\n<\/div>\n[\/vc_column_inner][vc_column_inner width=&#8221;1\/2&#8243;][envit_contact_info contact_heading=&#8221;UNIJA SERVISERA KLIMATIZACIJE&#8221; contact_sub_heading=&#8221;Banka Intesa 160-0000000547720-96&#8243; add_title=&#8221;Adresa&#8221; add_text_one=&#8221;Hajduk Veljkova 1, Beograd&#8221; add_text_two=&#8221;&#8221; eml_text_one=&#8221;unijaserviseraklima@gmail.com&#8221; eml_text_two=&#8221;&#8221; phn_title=&#8221;tel&#8221; phn_no_one=&#8221;+381 62 542 542&#8243; phn_no_two=&#8221;&#8221;][vc_raw_html]JTNDZGl2JTIwY2xhc3MlM0QlMjJjb250YWN0LWluZm8lMjIlM0UlMEElM0NhJTIwJTBBaWQlM0QlMjJmYWNlYm9vay1saW5rJTIyJTBBaHJlZiUzRCUyMmh0dHBzJTNBJTJGJTJGd3d3LmZhY2Vib29rLmNvbSUyRmdyb3VwcyUyRjE4Nzg3NTc5ODU1NjcwOTclMjIlMjAlMEF0YXJnZXQlM0QlMjJfYmxhbmslMjIlM0UlMEElM0NkaXYlMjBjbGFzcyUzRCUyMmxvY2F0aW9uQmxvY2slMjIlM0UlMEElMDklMDklMDklMDklMDklMDklM0NpJTIwY2xhc3MlM0QlMjJmYSUyMGZhLWZhY2Vib29rJTIyJTNFJTNDJTJGaSUzRSUwQSUwQSUwQSUwOSUwOSUwOSUwOSUwOSUwOSUzQ2RpdiUyMGNsYXNzJTNEJTIyJTIwbG9jYXRpb25Db250ZW50JTIyJTNFJTBBJTIwJTIwJTIwJTIwJTIwJTIwJTIwJTIwJTIwJTIwJTIwJTIwJTIwJTIwJTIwJTIwJTIwJTIwJTIwJTIwJTIwJTIwJTIwJTIwJTIwJTIwJTIwJTIwJTIwJTIwJTIwJTIwJTIwJTIwJTIwJTIwJTIwJTIwJTIwJTIwJTIwJTIwJTIwJTIwJTIwJTIwJTIwJTIwJTIwJTNDcCUzRUZhY2Vib29rJTNDJTJGcCUzRSUwQSUyMCUyMCUyMCUyMCUyMCUyMCUyMCUyMCUyMCUyMCUyMCUyMCUyMCUyMCUyMCUyMCUyMCUyMCUyMCUyMCUyMCUyMCUyMCUyMCUyMCUyMCUyMCUyMCUyMCUyMCUyMCUyMCUyMCUyMCUyMCUyMCUyMCUyMCUyMCUyMCUyMCUyMCUyMCUyMCUyMCUyMCUyMCUyMCUzQ3NwYW4lM0VVTklKQSUyMFNFUlZJU0VSQSUyMEtMSU1BJTIwVVJFJUM0JTkwQUpBJTIwU1JCSUpFJTNDJTJGc3BhbiUzRSUwQSUwOSUwOSUwOSUwOSUwOSUwQSUwOSUwOSUwOSUwOSUwOSUwOSUwQSUwOSUwOSUwOSUwOSUwOSUwOSUzQyUyRmRpdiUzRSUwQSUwOSUwOSUwOSUwOSUwOSUzQyUyRmRpdiUzRSUwQSUzQyUyRmElM0UlMEElM0MlMkZkaXYlM0UlMEE=[\/vc_raw_html][vc_raw_html]JTNDZGl2JTIwY2xhc3MlM0QlMjJjb250YWN0LWluZm8lMjIlM0UlMEElM0NhJTIwaWQlM0QlMjJmYWNlYm9vay1saW5rJTIyJTIwaHJlZiUzRCUyMmh0dHBzJTNBJTJGJTJGd3d3LmxpbmtlZGluLmNvbSUyRmNvbXBhbnklMkZ1bmlqYS1zZXJ2aXNlcmEta2xpbWF0aXphY2lqZSUyMiUyMCUwQXRhcmdldCUzRCUyMl9ibGFuayUyMiUzRSUwQSUzQ2RpdiUyMGNsYXNzJTNEJTIybG9jYXRpb25CbG9jayUyMiUzRSUwQSUwOSUwOSUwOSUwOSUwOSUwOSUzQ2klMjBjbGFzcyUzRCUyMmZhJTIwZmEtbGlua2VkaW4lMjIlM0UlM0MlMkZpJTNFJTBBJTBBJTBBJTA5JTA5JTA5JTA5JTA5JTA5JTNDZGl2JTIwY2xhc3MlM0QlMjIlMjBsb2NhdGlvbkNvbnRlbnQlMjIlM0UlMEElMjAlMjAlMjAlMjAlMjAlMjAlMjAlMjAlMjAlMjAlMjAlMjAlMjAlMjAlMjAlMjAlMjAlMjAlMjAlMjAlMjAlMjAlMjAlMjAlMjAlMjAlMjAlMjAlMjAlMjAlMjAlMjAlMjAlMjAlMjAlMjAlMjAlMjAlMjAlMjAlMjAlMjAlMjAlMjAlMjAlMjAlMjAlMjAlMjAlM0NwJTNFTGlua2VkSW4lM0MlMkZwJTNFJTBBJTIwJTIwJTIwJTIwJTIwJTIwJTIwJTIwJTIwJTIwJTIwJTIwJTIwJTIwJTIwJTIwJTIwJTIwJTIwJTIwJTIwJTIwJTIwJTIwJTIwJTIwJTIwJTIwJTIwJTIwJTIwJTIwJTIwJTIwJTIwJTIwJTIwJTIwJTIwJTIwJTIwJTIwJTIwJTIwJTIwJTIwJTIwJTIwJTNDc3BhbiUzRVVOSUpBJTIwU0VSVklTRVJBJTIwS0xJTUFUSVpBQ0lKRSUzQyUyRnNwYW4lM0UlMEElMDklMDklMDklMDklMDklMEElMDklMDklMDklMDklMDklMDklMEElMDklMDklMDklMDklMDklMDklM0MlMkZkaXYlM0UlMEElMDklMDklMDklMDklMDklM0MlMkZkaXYlM0UlMEElM0MlMkZhJTNFJTBBJTNDJTJGZGl2JTNFJTBB[\/vc_raw_html][vc_column_text css=&#8221;.vc_custom_1607623558353{padding-left: 40px !important;}&#8221;]<strong>Za sve informacije za ugradnju klima ure\u0111aja kontaktirajte servise na <a href=\"https:\/\/unijaserviseraklima.rs\/index.php\/clanovi\/\">stranici \u010dlanovi.<\/a><\/strong>[\/vc_column_text][\/vc_column_inner][\/vc_row_inner][\/vc_column][\/vc_row][\/vc_section][vc_row][vc_column][\/vc_column][\/vc_row]<\/p>\n","protected":false},"excerpt":{"rendered":"<p>[vc_section el_class=&#8221;contactus&#8221;][vc_row el_class=&#8221;cellpadding&#8221;][vc_column][vc_custom_heading text=&#8221;Kontakt&#8221; font_container=&#8221;tag:h3|text_align:left&#8221; google_fonts=&#8221;&#8221; el_class=&#8221;tt-title font28&#8243;][vc_column_text css=&#8221;.vc_custom_1630393252786{margin-bottom: 0px !important;}&#8221;] Na\u0161e radno vreme je od ponedeljka do petka 09-17h. U svakom trenutku nas mo\u017eete kontaktirati popunjavanjem slede\u0107ih polja. Va\u017eno [&hellip;]<\/p>\n","protected":false},"author":4,"featured_media":0,"parent":0,"menu_order":0,"comment_status":"closed","ping_status":"closed","template":"","meta":{"footnotes":""},"class_list":["post-373","page","type-page","status-publish","hentry"],"jetpack_sharing_enabled":true,"_links":{"self":[{"href":"https:\/\/unijaserviseraklima.rs\/index.php\/wp-json\/wp\/v2\/pages\/373","targetHints":{"allow":["GET"]}}],"collection":[{"href":"https:\/\/unijaserviseraklima.rs\/index.php\/wp-json\/wp\/v2\/pages"}],"about":[{"href":"https:\/\/unijaserviseraklima.rs\/index.php\/wp-json\/wp\/v2\/types\/page"}],"author":[{"embeddable":true,"href":"https:\/\/unijaserviseraklima.rs\/index.php\/wp-json\/wp\/v2\/users\/4"}],"replies":[{"embeddable":true,"href":"https:\/\/unijaserviseraklima.rs\/index.php\/wp-json\/wp\/v2\/comments?post=373"}],"version-history":[{"count":32,"href":"https:\/\/unijaserviseraklima.rs\/index.php\/wp-json\/wp\/v2\/pages\/373\/revisions"}],"predecessor-version":[{"id":2930,"href":"https:\/\/unijaserviseraklima.rs\/index.php\/wp-json\/wp\/v2\/pages\/373\/revisions\/2930"}],"wp:attachment":[{"href":"https:\/\/unijaserviseraklima.rs\/index.php\/wp-json\/wp\/v2\/media?parent=373"}],"curies":[{"name":"wp","href":"https:\/\/api.w.org\/{rel}","templated":true}]}}