{"id":2937,"date":"2026-04-06T21:01:23","date_gmt":"2026-04-06T20:01:23","guid":{"rendered":"https:\/\/unijaserviseraklima.rs\/?page_id=2937"},"modified":"2026-04-08T20:00:46","modified_gmt":"2026-04-08T19:00:46","slug":"clanovi-test","status":"publish","type":"page","link":"https:\/\/unijaserviseraklima.rs\/index.php\/clanovi-test\/","title":{"rendered":"\u010clanovi-test"},"content":{"rendered":"<p>[vc_section][vc_row el_class=&#8221;cellpadding&#8221;][vc_column][vc_row_inner el_class=&#8221;mission&#8221;][vc_column_inner][vc_custom_heading text=&#8221;\u010clanovi Unije servisera klimatizacije&#8221; font_container=&#8221;tag:h3|text_align:left&#8221; google_fonts=&#8221;&#8221; el_class=&#8221;tt-title font28&#8243;][vc_column_text][\/vc_column_text][vc_raw_html]JTNDaWZyYW1lJTIwc3JjJTNEJTIyaHR0cHMlM0ElMkYlMkZrbGltYXVyZWRqYWppLmNvbSUyRnByZXRyYWdhLXNlcnZpc2ElMjIlMjBzdHlsZSUzRCUyMmJvcmRlciUzQW5vbmUlM0J3aWR0aCUzQTEyMDBweCUzQmhlaWdodCUzQTIwMDBweCUzQiUzRSUwQSUzQyUyRmlmcmFtZSUzRQ==[\/vc_raw_html][vc_column_text css=&#8221;.vc_custom_1503993696060{margin-bottom: 0px !important;}&#8221;]<\/p>\n<div class=\"empty-space-mb-20\"><\/div>\n<p>[\/vc_column_text][\/vc_column_inner][\/vc_row_inner][\/vc_column][\/vc_row][\/vc_section][vc_row full_width=&#8221;stretch_row&#8221; el_class=&#8221;resources&#8221; css=&#8221;.vc_custom_1554722097490{background-image: url(https:\/\/unijaserviseraklima.rs\/wp-content\/uploads\/2019\/04\/compaign_bg.jpg?id=1032) !important;}&#8221;][vc_column][vc_row_inner el_class=&#8221;cellpadding&#8221;][vc_column_inner width=&#8221;7\/12&#8243;][envit_single_section layout=&#8221;layout_two&#8221; test_description=&#8221;Brojne mogu\u0107nosti su na raspolaganju: edukacije, novi klijenti, razmena informacija o delovima, stalna pomo\u0107 kolega&#8221; main_heading=&#8221;POSTANI \u010cLAN UNIJE&#8221; subtitle_heading=&#8221;Postani prepoznatljiv servis u gradu&#8221; link=&#8221;url:https%3A%2F%2Funijaserviseraklima.rs%2Findex.php%2Fregistracija-clanova%2F|title:Registruj%20se||&#8221;][\/vc_column_inner][vc_column_inner width=&#8221;5\/12&#8243;][vc_single_image image=&#8221;1514&#8243; img_size=&#8221;full&#8221;][\/vc_column_inner][\/vc_row_inner][\/vc_column][\/vc_row]<\/p>\n","protected":false},"excerpt":{"rendered":"<p>[vc_section][vc_row el_class=&#8221;cellpadding&#8221;][vc_column][vc_row_inner el_class=&#8221;mission&#8221;][vc_column_inner][vc_custom_heading text=&#8221;\u010clanovi Unije servisera klimatizacije&#8221; font_container=&#8221;tag:h3|text_align:left&#8221; google_fonts=&#8221;&#8221; el_class=&#8221;tt-title font28&#8243;][vc_column_text][\/vc_column_text][vc_raw_html]JTNDaWZyYW1lJTIwc3JjJTNEJTIyaHR0cHMlM0ElMkYlMkZrbGltYXVyZWRqYWppLmNvbSUyRnByZXRyYWdhLXNlcnZpc2ElMjIlMjBzdHlsZSUzRCUyMmJvcmRlciUzQW5vbmUlM0J3aWR0aCUzQTEyMDBweCUzQmhlaWdodCUzQTIwMDBweCUzQiUzRSUwQSUzQyUyRmlmcmFtZSUzRQ==[\/vc_raw_html][vc_column_text css=&#8221;.vc_custom_1503993696060{margin-bottom: 0px !important;}&#8221;] [\/vc_column_text][\/vc_column_inner][\/vc_row_inner][\/vc_column][\/vc_row][\/vc_section][vc_row full_width=&#8221;stretch_row&#8221; el_class=&#8221;resources&#8221; css=&#8221;.vc_custom_1554722097490{background-image: url(https:\/\/unijaserviseraklima.rs\/wp-content\/uploads\/2019\/04\/compaign_bg.jpg?id=1032) !important;}&#8221;][vc_column][vc_row_inner el_class=&#8221;cellpadding&#8221;][vc_column_inner width=&#8221;7\/12&#8243;][envit_single_section layout=&#8221;layout_two&#8221; test_description=&#8221;Brojne mogu\u0107nosti su na raspolaganju: edukacije, novi [&hellip;]<\/p>\n","protected":false},"author":4,"featured_media":0,"parent":0,"menu_order":0,"comment_status":"closed","ping_status":"closed","template":"","meta":{"footnotes":""},"class_list":["post-2937","page","type-page","status-publish","hentry"],"jetpack_sharing_enabled":true,"_links":{"self":[{"href":"https:\/\/unijaserviseraklima.rs\/index.php\/wp-json\/wp\/v2\/pages\/2937","targetHints":{"allow":["GET"]}}],"collection":[{"href":"https:\/\/unijaserviseraklima.rs\/index.php\/wp-json\/wp\/v2\/pages"}],"about":[{"href":"https:\/\/unijaserviseraklima.rs\/index.php\/wp-json\/wp\/v2\/types\/page"}],"author":[{"embeddable":true,"href":"https:\/\/unijaserviseraklima.rs\/index.php\/wp-json\/wp\/v2\/users\/4"}],"replies":[{"embeddable":true,"href":"https:\/\/unijaserviseraklima.rs\/index.php\/wp-json\/wp\/v2\/comments?post=2937"}],"version-history":[{"count":9,"href":"https:\/\/unijaserviseraklima.rs\/index.php\/wp-json\/wp\/v2\/pages\/2937\/revisions"}],"predecessor-version":[{"id":2946,"href":"https:\/\/unijaserviseraklima.rs\/index.php\/wp-json\/wp\/v2\/pages\/2937\/revisions\/2946"}],"wp:attachment":[{"href":"https:\/\/unijaserviseraklima.rs\/index.php\/wp-json\/wp\/v2\/media?parent=2937"}],"curies":[{"name":"wp","href":"https:\/\/api.w.org\/{rel}","templated":true}]}}