{"id":2933,"date":"2026-04-01T08:51:20","date_gmt":"2026-04-01T07:51:20","guid":{"rendered":"https:\/\/unijaserviseraklima.rs\/?page_id=2933"},"modified":"2026-04-01T08:52:47","modified_gmt":"2026-04-01T07:52:47","slug":"servis-primer","status":"publish","type":"page","link":"https:\/\/unijaserviseraklima.rs\/index.php\/servis-primer\/","title":{"rendered":"Servis primer"},"content":{"rendered":"<p>[vc_section][vc_row el_class=&#8221;cellpadding&#8221;][vc_column][vc_row_inner el_class=&#8221;mission&#8221;][vc_column_inner][vc_custom_heading text=&#8221;Klima Pingvin&#8221; font_container=&#8221;tag:h3|text_align:left&#8221; google_fonts=&#8221;&#8221; el_class=&#8221;tt-title font28&#8243;][vc_column_text][\/vc_column_text][vc_column_text css=&#8221;.vc_custom_1503993696060{margin-bottom: 0px !important;}&#8221;]<\/p>\n<div class=\"empty-space-mb-20\"><\/div>\n<p>[\/vc_column_text][vc_column_text]<\/p>\n<div id=\"info\" class=\"row grid-wrapper\">\n<div class=\"col-12 col-sm-12 col-md-9 col-lg-9 title-and-breadcrumb\">\n<div class=\"field-title\">\n<h1>Klima Pingvin<\/h1>\n<\/div>\n<div class=\"row grid-wrapper\">\n<div class=\"col-12 col-sm-12 col-md-3 col-lg-3 grid-item logo-and-rating-content\">\n<div class=\"field field-field-logo-image field-type-image field-label-hidden field-item quickedit-field\" data-quickedit-field-id=\"node\/2659\/field_logo_image\/und\/full\" data-once=\"quickedit\"><img loading=\"lazy\" decoding=\"async\" src=\"https:\/\/klimauredjaji.com\/public\/styles\/max_width_400\/public\/klima-pingvin-logo-2022.jpg.webp?itok=Z7FgO-wJ\" alt=\"Klima Pingvin\" width=\"400\" height=\"162\" \/><\/div>\n<div class=\"field field-field-fivestar-rating field-type-fivestar field-label-hidden quickedit-field\" data-quickedit-field-id=\"node\/2659\/field_fivestar_rating\/und\/full\" data-once=\"quickedit\">\n<div class=\"field-item\">\n<form id=\"vote\" class=\"fivestar-form-1\" accept-charset=\"UTF-8\" action=\"https:\/\/klimauredjaji.com\/klima-pingvin\" method=\"post\" data-drupal-selector=\"fivestar-form-1\" data-once=\"form-updated\" data-drupal-form-fields=\"edit-vote--2,edit-submit\">\n<div class=\"clearfix fivestar-average-text fivestar-average-stars fivestar-form-item fivestar-basic\" data-once=\"fivestar\">\n<div class=\"form-item js-form-item form-type-fivestar js-form-type-fivestar form-item-vote js-form-item-vote form-no-label\">\n<div class=\"form-item js-form-item form-type-select js-form-type-select form-item-vote js-form-item-vote form-no-label\">\n<div class=\"select-wrapper\"><\/div>\n<div id=\"edit-vote--2--description\" class=\"description help-block\">\n<div class=\"fivestar-summary fivestar-summary-average-count\">Hajduk Veljkova 1, Beograd, 065\/3565-133<\/div>\n<\/div>\n<\/div>\n<\/div>\n<\/div>\n<\/form>\n<\/div>\n<\/div>\n<\/div>\n<div class=\"col-12 col-sm-12 col-md-9 col-lg-9 body-content collapsed\">\n<div class=\"content-data\">\n<div class=\"field field-body field-type-text-with-summary field-label-hidden field-item quickedit-field\" data-quickedit-field-id=\"node\/2659\/body\/und\/full\" data-once=\"quickedit\">\n<p>Na\u0161e dugogodi\u0161nje iskustvo u klimatizaciji pru\u017ea \u0161irok asortiman usluga koje pru\u017eamo i \u010dini nas jednim mestom na kome mo\u017eete dobiti sve usluge vezane za klimatizaciju.Posavetova\u0107emo Vas pri odabiru odgovaraju\u0107eg ure\u0111aja, shodno va\u0161im potrebama i prostoru, pomo\u0107i \u0107emo Vam u planiranju i projektovanju optimalnog re\u0161enja.Naime, u ponudi imamo veliki broj klima ure\u0111aja za rezidencijalnu i komercijalnu upotrebu, zidne, kasetne(plafonske), parapetne, konzolne, zatim toplotne pumpe, ventilacione sisteme i VRF sisteme renomiranih svetskih proizvo\u0111a\u010da Daikin, Hisense, LG, Panasonic, Mitsubishi, itd&#8230;.<\/p>\n<p>Odabrani ure\u0111aj Vam mo\u017eemo u isto vreme isporu\u010diti, ugraditi i pustiti u rad, na ovaj na\u010din \u0107emo Vam olak\u0161ati i u\u0161tedeti vreme pri organizaciji klimatizacije va\u0161eg prostora.<\/p>\n<p>Jo\u0161 jedna usluga koju nudi Klima Pingvin jeste redovno \u010di\u0161\u0107enje i odr\u017eavanje ure\u0111aja koje se preporu\u010duje jednom do dva puta godi\u0161nje, kako bi se odr\u017eao visok kvalitet vazduha u prostoriji gde se ure\u0111aj nalazi. Ako se javi neki problem u radu Va\u0161eg ure\u0111aja, nudimo popravku temeljno, brzo i efikasno.<\/p>\n<p>Klima Pingvin ugra\u0111uje ventilacione tehnike i opreme za distribuciju vazduha, kao i pu\u0161tanje sistema u pogon i odr\u017eavanje.Ventilacioni sistemi se uglavnom koriste za kontrolisanje kvaliteta vazduha, razre\u0111ivanje i uklanjanje zaga\u0111iva\u010da u zatvorenom prostoru, tako\u0111e se mo\u017ee koristiti za kontrolu unutra\u0161nje temperature, vla\u017enosti i kretanja vazduha radi postizanja toplotne udobnosti.<\/p>\n<p>Prednosti ventilacionih sistema su tako\u0111e spre\u010davanje prenosa zaraza vazdu\u0161nim putem, zdravstvenih tegoba poput alergija, glavobolja, smanjenja cirkulacije vazduha, su\u0161enja disajnih puteva, umanjenja koncentracije kiseonika u krvi itd.Kontaktirajte nas da zajedno isprojektujemo sistem koji odgovara va\u0161im potrebama i objektu!<\/p>\n<\/div>\n<\/div>\n<div class=\"read-more-toggler\"><span class=\"read-more\">Pro\u010ditaj vi\u0161e\u00a0<i class=\"ti-angle-down\"><\/i><\/span><\/div>\n<\/div>\n<\/div>\n<\/div>\n<div class=\"col-12 col-sm-12 col-md-3 col-lg-3 grid-item banner-content\">\n<div class=\"field field-field-banner-2 field-type-block-field field-label-hidden field-item quickedit-field\" data-quickedit-field-id=\"node\/2659\/field_banner_2\/und\/full\" data-once=\"quickedit\">\n<div id=\"block-banner2\" class=\"contextual-region 1 block promotion-block block-block-content block-block-content00995586-ed68-46f0-ad16-3e239eed0f79\" data-quickedit-entity-id=\"block_content\/170\" data-once=\"quickedit\" data-quickedit-entity-instance-id=\"0\">\n<div class=\"container-wrap\"><\/div>\n<\/div>\n<\/div>\n<\/div>\n<\/div>\n<div class=\"field-slike-firme\">\n<div class=\"field field-field-slike field-type-image field-label-hidden field-items quickedit-field\" data-quickedit-field-id=\"node\/2659\/field_slike\/und\/full\" data-once=\"quickedit\">\n<div class=\"field-item\"><a class=\"colorbox cboxElement\" title=\"klima pingvin kombi\" role=\"button\" href=\"https:\/\/klimauredjaji.com\/public\/klima-pingvin-kombi.jpg\" aria-controls=\"colorbox\" aria-label=\"{&quot;alt&quot;:&quot;klima pingvin kombi&quot;}\" data-colorbox-gallery=\"gallery-firma-2659-IRQ5sr8Eceg\" data-cbox-img-attrs=\"{&quot;alt&quot;:&quot;klima pingvin kombi&quot;}\"><img loading=\"lazy\" decoding=\"async\" src=\"https:\/\/klimauredjaji.com\/public\/styles\/max_width_220\/public\/klima-pingvin-kombi.jpg.webp?itok=0AFoJ18n\" alt=\"klima pingvin kombi\" width=\"220\" height=\"78\" \/><\/a><\/div>\n<div class=\"field-item\"><a class=\"colorbox cboxElement\" title=\"klima pingvin toplotna pumpa\" role=\"button\" href=\"https:\/\/klimauredjaji.com\/public\/Klima-pingvin-toplotna-pumpa.jpg\" aria-controls=\"colorbox\" aria-label=\"{&quot;alt&quot;:&quot;klima pingvin toplotna pumpa&quot;}\" data-colorbox-gallery=\"gallery-firma-2659-IRQ5sr8Eceg\" data-cbox-img-attrs=\"{&quot;alt&quot;:&quot;klima pingvin toplotna pumpa&quot;}\"><img loading=\"lazy\" decoding=\"async\" src=\"https:\/\/klimauredjaji.com\/public\/styles\/max_width_220\/public\/Klima-pingvin-toplotna-pumpa.jpg.webp?itok=nGfth0vs\" alt=\"klima pingvin toplotna pumpa\" width=\"220\" height=\"293\" \/><\/a><\/div>\n<div class=\"field-item\"><a class=\"colorbox cboxElement\" title=\"klima pingvin ventilacija\" role=\"button\" href=\"https:\/\/klimauredjaji.com\/public\/klima-pingvin-ventilacija_0.jpg\" aria-controls=\"colorbox\" aria-label=\"{&quot;alt&quot;:&quot;klima pingvin ventilacija&quot;}\" data-colorbox-gallery=\"gallery-firma-2659-IRQ5sr8Eceg\" data-cbox-img-attrs=\"{&quot;alt&quot;:&quot;klima pingvin ventilacija&quot;}\"><img loading=\"lazy\" decoding=\"async\" src=\"https:\/\/klimauredjaji.com\/public\/styles\/max_width_220\/public\/klima-pingvin-ventilacija_0.jpg.webp?itok=XxnxMq3n\" alt=\"klima pingvin ventilacija\" width=\"220\" height=\"107\" \/><\/a><\/div>\n<div class=\"field-item\"><a class=\"colorbox cboxElement\" title=\"klima-pingvin-ugradnja-klime\" role=\"button\" href=\"https:\/\/klimauredjaji.com\/public\/klima-pingvin-ugradnja-klime.jpg\" aria-controls=\"colorbox\" aria-label=\"{&quot;alt&quot;:&quot;klima-pingvin-ugradnja-klime&quot;}\" data-colorbox-gallery=\"gallery-firma-2659-IRQ5sr8Eceg\" data-cbox-img-attrs=\"{&quot;alt&quot;:&quot;klima-pingvin-ugradnja-klime&quot;}\"><img loading=\"lazy\" decoding=\"async\" src=\"https:\/\/klimauredjaji.com\/public\/styles\/max_width_220\/public\/klima-pingvin-ugradnja-klime.jpg.webp?itok=4vQNHMWB\" alt=\"klima-pingvin-ugradnja-klime\" width=\"220\" height=\"293\" \/><\/a><\/div>\n<\/div>\n<\/div>\n<p>[\/vc_column_text][\/vc_column_inner][\/vc_row_inner][\/vc_column][\/vc_row][\/vc_section][vc_row full_width=&#8221;stretch_row&#8221; el_class=&#8221;resources&#8221; css=&#8221;.vc_custom_1554722097490{background-image: url(https:\/\/unijaserviseraklima.rs\/wp-content\/uploads\/2019\/04\/compaign_bg.jpg?id=1032) !important;}&#8221;][vc_column][vc_row_inner el_class=&#8221;cellpadding&#8221;][vc_column_inner width=&#8221;7\/12&#8243;][envit_single_section layout=&#8221;layout_two&#8221; test_description=&#8221;Brojne mogu\u0107nosti su na raspolaganju: edukacije, novi klijenti, razmena informacija o delovima, stalna pomo\u0107 kolega&#8221; main_heading=&#8221;POSTANI \u010cLAN UNIJE&#8221; subtitle_heading=&#8221;Postani prepoznatljiv servis u gradu&#8221; link=&#8221;url:https%3A%2F%2Funijaserviseraklima.rs%2Findex.php%2Fregistracija-clanova%2F|title:Registruj%20se||&#8221;][\/vc_column_inner][vc_column_inner width=&#8221;5\/12&#8243;][vc_single_image image=&#8221;1514&#8243; img_size=&#8221;full&#8221;][\/vc_column_inner][\/vc_row_inner][\/vc_column][\/vc_row]<\/p>\n","protected":false},"excerpt":{"rendered":"<p>[vc_section][vc_row el_class=&#8221;cellpadding&#8221;][vc_column][vc_row_inner el_class=&#8221;mission&#8221;][vc_column_inner][vc_custom_heading text=&#8221;Klima Pingvin&#8221; font_container=&#8221;tag:h3|text_align:left&#8221; google_fonts=&#8221;&#8221; el_class=&#8221;tt-title font28&#8243;][vc_column_text][\/vc_column_text][vc_column_text css=&#8221;.vc_custom_1503993696060{margin-bottom: 0px !important;}&#8221;] [\/vc_column_text][vc_column_text] Klima Pingvin Hajduk Veljkova 1, Beograd, 065\/3565-133 Na\u0161e dugogodi\u0161nje iskustvo u klimatizaciji pru\u017ea \u0161irok asortiman usluga koje [&hellip;]<\/p>\n","protected":false},"author":4,"featured_media":0,"parent":0,"menu_order":0,"comment_status":"closed","ping_status":"closed","template":"","meta":{"footnotes":""},"class_list":["post-2933","page","type-page","status-publish","hentry"],"jetpack_sharing_enabled":true,"_links":{"self":[{"href":"https:\/\/unijaserviseraklima.rs\/index.php\/wp-json\/wp\/v2\/pages\/2933","targetHints":{"allow":["GET"]}}],"collection":[{"href":"https:\/\/unijaserviseraklima.rs\/index.php\/wp-json\/wp\/v2\/pages"}],"about":[{"href":"https:\/\/unijaserviseraklima.rs\/index.php\/wp-json\/wp\/v2\/types\/page"}],"author":[{"embeddable":true,"href":"https:\/\/unijaserviseraklima.rs\/index.php\/wp-json\/wp\/v2\/users\/4"}],"replies":[{"embeddable":true,"href":"https:\/\/unijaserviseraklima.rs\/index.php\/wp-json\/wp\/v2\/comments?post=2933"}],"version-history":[{"count":2,"href":"https:\/\/unijaserviseraklima.rs\/index.php\/wp-json\/wp\/v2\/pages\/2933\/revisions"}],"predecessor-version":[{"id":2935,"href":"https:\/\/unijaserviseraklima.rs\/index.php\/wp-json\/wp\/v2\/pages\/2933\/revisions\/2935"}],"wp:attachment":[{"href":"https:\/\/unijaserviseraklima.rs\/index.php\/wp-json\/wp\/v2\/media?parent=2933"}],"curies":[{"name":"wp","href":"https:\/\/api.w.org\/{rel}","templated":true}]}}