{"id":1064,"date":"2019-04-08T16:52:51","date_gmt":"2019-04-08T14:52:51","guid":{"rendered":"https:\/\/unijaserviseraklima.rs\/?page_id=1064"},"modified":"2025-05-15T14:43:57","modified_gmt":"2025-05-15T13:43:57","slug":"clanovi","status":"publish","type":"page","link":"https:\/\/unijaserviseraklima.rs\/index.php\/clanovi\/","title":{"rendered":"\u010clanovi"},"content":{"rendered":"<p>[vc_section][vc_row el_class=&#8221;cellpadding&#8221;][vc_column][vc_row_inner el_class=&#8221;mission&#8221;][vc_column_inner][vc_custom_heading text=&#8221;\u010clanovi Unije servisera klimatizacije&#8221; font_container=&#8221;tag:h3|text_align:left&#8221; google_fonts=&#8221;&#8221; el_class=&#8221;tt-title font28&#8243;][vc_column_text][\/vc_column_text][vc_raw_html][\/vc_raw_html][vc_column_text css=&#8221;.vc_custom_1503993696060{margin-bottom: 0px !important;}&#8221;]<\/p>\n<div class=\"empty-space-mb-20\"><\/div>\n<p>[\/vc_column_text][vc_column_text]<\/p>\n<table width=\"962\">\n<tbody>\n<tr>\n<td width=\"284\">GRAD \/ OP\u0160TINA<\/td>\n<td width=\"224\">NAZIV SERVISA<\/td>\n<td width=\"233\">ADRESA<\/td>\n<td width=\"221\">KONTAKT TELEFON<\/td>\n<\/tr>\n<tr>\n<td width=\"284\">Aleksinac<\/td>\n<td width=\"224\">Elektro Zeka 018<\/td>\n<td width=\"233\">Stevana Sremca 52\/1<\/td>\n<td width=\"221\">060 0802637<\/td>\n<\/tr>\n<tr>\n<td width=\"284\">Beograd &#8211; Barajevo<\/td>\n<td width=\"224\">SZTR Frigo M<\/td>\n<td width=\"233\">Beogradskog bataljona 18<\/td>\n<td width=\"221\">065 830 06 55<\/td>\n<\/tr>\n<tr>\n<td width=\"284\">Beograd &#8211; Barajevo<\/td>\n<td width=\"224\">Klima Cold doo<\/td>\n<td width=\"233\">Dragi\u0161e Stojadinovi\u0107a 4<\/td>\n<td width=\"221\">064 623 17 11<\/td>\n<\/tr>\n<tr>\n<td width=\"284\">Beograd &#8211; Bole\u010d<\/td>\n<td width=\"224\">Klima Profi ID<\/td>\n<td width=\"233\">Pupinova 1a<\/td>\n<td width=\"221\">069 690 043<\/td>\n<\/tr>\n<tr>\n<td>Beograd &#8211; \u010cukarica<\/td>\n<td>SZR Majstor za Klime<\/td>\n<td>\u0160umske ekonomije 37<\/td>\n<td width=\"221\">066 396 396<\/td>\n<\/tr>\n<tr>\n<td width=\"284\">Beograd &#8211; \u010cukarica<\/td>\n<td width=\"224\">SZR Servis \u0106ure<\/td>\n<td width=\"233\">Dr. Dragoljuba Sretenovi\u0107a 5<\/td>\n<td width=\"221\">065 251 26 15<\/td>\n<\/tr>\n<tr>\n<td width=\"284\">Beograd &#8211; \u010cukarica<\/td>\n<td width=\"224\">S.Z.G.R. Simi\u0107<\/td>\n<td width=\"233\">Zlatomira Kuzmanovi\u0107a 3<\/td>\n<td width=\"221\">063 271 808<\/td>\n<\/tr>\n<tr>\n<td width=\"284\">Beograd &#8211; \u010cukarica<\/td>\n<td width=\"224\">Klima Steel<\/td>\n<td width=\"233\">Steve Todorovi\u0107a 30<\/td>\n<td width=\"221\">\u00a0064 342 93 43<\/td>\n<\/tr>\n<tr>\n<td width=\"284\">Beograd &#8211; \u010cukarica<\/td>\n<td width=\"224\">Frigo Cool<\/td>\n<td width=\"233\">1. Maja 144a<\/td>\n<td width=\"221\">064 220 20 20<\/td>\n<\/tr>\n<tr>\n<td width=\"284\">Beograd &#8211; \u010cukarica<\/td>\n<td width=\"224\">Frigo Fle\u0161<\/td>\n<td width=\"233\">Brgule bb<\/td>\n<td width=\"221\">060 530 20 03<\/td>\n<\/tr>\n<tr>\n<td width=\"284\">Beograd &#8211; \u010cukarica<\/td>\n<td width=\"224\">Be Cool doo<\/td>\n<td width=\"233\">Vodovodska 158\/10<\/td>\n<td width=\"221\">064 002 22 60<\/td>\n<\/tr>\n<tr>\n<td width=\"284\">Beograd &#8211; \u010cukarica<\/td>\n<td width=\"224\">Tehnik Centar<\/td>\n<td width=\"233\">Slobodana Perovi\u0107a 1<\/td>\n<td width=\"221\">063 275 426<\/td>\n<\/tr>\n<tr>\n<td width=\"284\">Beograd &#8211; \u010cukarica<\/td>\n<td width=\"224\">Energomont +<\/td>\n<td width=\"233\">Stevana Filipovi\u0107a 122a<\/td>\n<td width=\"221\">062 200 056<\/td>\n<\/tr>\n<tr>\n<td width=\"284\">Beograd &#8211; \u010cukarica<\/td>\n<td width=\"224\">ZER Brasul<\/td>\n<td width=\"233\">Kopaoni\u010dka 49<\/td>\n<td width=\"221\">064 200 70 75<\/td>\n<\/tr>\n<tr>\n<td width=\"284\">Beograd &#8211; \u010cukarica<\/td>\n<td width=\"224\">ZTR Smart Elektronik<\/td>\n<td width=\"233\">Blagoja Parovi\u0107a 12a\/17<\/td>\n<td width=\"221\">064 211 7 817<\/td>\n<\/tr>\n<tr>\n<td width=\"284\">Beograd &#8211; \u010cukarica<\/td>\n<td width=\"224\">Servis Alisa<\/td>\n<td width=\"233\">Sini\u0161e Stankovi\u0107a 13<\/td>\n<td width=\"221\">064 11 55587<\/td>\n<\/tr>\n<tr>\n<td width=\"284\">Beograd &#8211; \u010cukarica<\/td>\n<td width=\"224\">Szgr Galambos<\/td>\n<td width=\"233\">Radnih akcija 36<\/td>\n<td width=\"221\">065 334 7818<\/td>\n<\/tr>\n<tr>\n<td width=\"284\">Beograd &#8211; \u010cukarica<\/td>\n<td width=\"224\">B.S.T. NAJ<\/td>\n<td width=\"233\">Pionirska 16<\/td>\n<td width=\"221\">062 822 8026<\/td>\n<\/tr>\n<tr>\n<td width=\"284\">Beograd Lazarevac &#8211; Veliki Crljeni<\/td>\n<td width=\"224\">Klima rent DM<\/td>\n<td width=\"233\">XIII proleterska 118a<\/td>\n<td width=\"221\">062 395 799<\/td>\n<\/tr>\n<tr>\n<td width=\"284\">Beograd &#8211; Novi Beograd<\/td>\n<td width=\"224\">SZR Frigo Bili<\/td>\n<td width=\"233\">Jurija Gagarina 183<\/td>\n<td width=\"221\">063 829 99 49<\/td>\n<\/tr>\n<tr>\n<td width=\"284\">Beograd &#8211; Novi Beograd<\/td>\n<td width=\"224\">Interfrigo<\/td>\n<td width=\"233\">To\u0161in bunar 163<\/td>\n<td width=\"221\">011 311 4773<\/td>\n<\/tr>\n<tr>\n<td width=\"284\">Beograd &#8211; Novi Beograd<\/td>\n<td width=\"224\">Delta electronic<\/td>\n<td width=\"233\">Milentija Popovi\u0107a 43<\/td>\n<td width=\"221\">064 1255 442<\/td>\n<\/tr>\n<tr>\n<td width=\"284\">Beograd &#8211; Palilula<\/td>\n<td width=\"224\">Mis Air<\/td>\n<td width=\"233\">Beogradska 140<\/td>\n<td width=\"221\">062 100 5779<\/td>\n<\/tr>\n<tr>\n<td width=\"284\">Beograd &#8211; Palilula<\/td>\n<td width=\"224\">FrigotermPlus<\/td>\n<td width=\"233\">Karlova\u010dke Mitropolije 44v<\/td>\n<td width=\"221\">064 294 63 44<\/td>\n<\/tr>\n<tr>\n<td width=\"284\">Beograd &#8211; Palilula<\/td>\n<td width=\"224\">K Mont Building<\/td>\n<td width=\"233\">Li\u010dka 6<\/td>\n<td width=\"221\">011 428 0818<\/td>\n<\/tr>\n<tr>\n<td width=\"284\">Beograd &#8211; Rakovica<\/td>\n<td width=\"224\">Klima Klima Servis<\/td>\n<td width=\"233\">Vukasovi\u0107eva 60<\/td>\n<td width=\"221\">065 353 77 66<\/td>\n<\/tr>\n<tr>\n<td width=\"284\">Beograd &#8211; Rakovica<\/td>\n<td width=\"224\">Z.R. BG -Frigo<\/td>\n<td width=\"233\">Oplena\u010dka 68<\/td>\n<td width=\"221\">064 114 91 36<\/td>\n<\/tr>\n<tr>\n<td width=\"284\">Beograd &#8211; Rakovica<\/td>\n<td width=\"224\">Klima Pingvin doo<\/td>\n<td width=\"233\">Hajduk Veljkova 1<\/td>\n<td width=\"221\">011 356 51 33<\/td>\n<\/tr>\n<tr>\n<td width=\"284\">Beograd &#8211; Rakovica<\/td>\n<td width=\"224\">Frigomanex<\/td>\n<td width=\"233\">Stevana Opa\u010di\u0107a 10<\/td>\n<td width=\"221\">066 551 15 36<\/td>\n<\/tr>\n<tr>\n<td width=\"284\">Beograd &#8211; Stari grad<\/td>\n<td width=\"224\">Frigo Oprema doo<\/td>\n<td width=\"233\">Kosovska 98<\/td>\n<td width=\"221\">064 111 3 111<\/td>\n<\/tr>\n<tr>\n<td width=\"284\">Beograd &#8211; Stari grad<\/td>\n<td width=\"224\">Klima IN sistem<\/td>\n<td width=\"233\">Uro\u0161a Predi\u0107a 14<\/td>\n<td width=\"221\">063 525 545<\/td>\n<\/tr>\n<tr>\n<td width=\"284\">Beograd &#8211; Stepojevac<\/td>\n<td width=\"224\">Ice Age 13<\/td>\n<td width=\"233\">Vojvode Radomira Putnika 8<\/td>\n<td width=\"221\">064 294 85 20<\/td>\n<\/tr>\n<tr>\n<td width=\"284\">Beograd &#8211; Vo\u017edovac<\/td>\n<td width=\"224\">Frigo Land klima servis<\/td>\n<td width=\"233\">Kalemarska 26<\/td>\n<td width=\"221\">063 775 66 14<\/td>\n<\/tr>\n<tr>\n<td width=\"284\">Beograd &#8211; Vo\u017edovac<\/td>\n<td width=\"224\">Coolsistem doo<\/td>\n<td width=\"233\">Ozrenska 4<\/td>\n<td width=\"221\">011 4045 581<\/td>\n<\/tr>\n<tr>\n<td width=\"284\">Beograd &#8211; Vo\u017edovac<\/td>\n<td width=\"224\">Frigo Best doo<\/td>\n<td width=\"233\">Tome Rosandi\u0107a 34<\/td>\n<td width=\"221\">063 256 058<\/td>\n<\/tr>\n<tr>\n<td width=\"284\">Beograd &#8211; Vo\u017edovac<\/td>\n<td width=\"224\">Koal Mont<\/td>\n<td width=\"233\">Bra\u0107e Jerkovi\u0107 123a<\/td>\n<td width=\"221\">064 659 59 52<\/td>\n<\/tr>\n<tr>\n<td width=\"284\">Beograd &#8211; Vo\u017edovac<\/td>\n<td width=\"224\">S.Z.T.U.R Panda Term<\/td>\n<td width=\"233\">Vojvode Stepe 68<\/td>\n<td width=\"221\">065 391 06 85<\/td>\n<\/tr>\n<tr>\n<td width=\"284\">Beograd &#8211; Vo\u017edovac<\/td>\n<td width=\"224\">Ruso klimatizacija<\/td>\n<td width=\"233\">Paunova 7<\/td>\n<td width=\"221\">069 2303 938<\/td>\n<\/tr>\n<tr>\n<td width=\"284\">Beograd &#8211; Vo\u017edovac<\/td>\n<td width=\"224\">Frigoservis Marinkovi\u0107<\/td>\n<td width=\"233\">Tekeri\u0161ka 46d<\/td>\n<td width=\"221\">063 206 345<\/td>\n<\/tr>\n<tr>\n<td width=\"284\">Beograd &#8211; Vra\u010dar<\/td>\n<td width=\"224\">Alfa Cool<\/td>\n<td width=\"233\">Sindjeli\u0107eva 28<\/td>\n<td width=\"221\">066 517 77 77<\/td>\n<\/tr>\n<tr>\n<td width=\"284\">Beograd &#8211; Zemun<\/td>\n<td width=\"224\">BP Klima<\/td>\n<td width=\"233\">Pere Kosori\u0107a 42<\/td>\n<td width=\"221\">065 840 04 46<\/td>\n<\/tr>\n<tr>\n<td width=\"284\">Beograd &#8211; Zemun<\/td>\n<td width=\"224\">In\u017eenjering Sistem<\/td>\n<td width=\"233\">\u0160imanova\u010dka 3<\/td>\n<td width=\"221\">063 632 627<\/td>\n<\/tr>\n<tr>\n<td width=\"284\">Beograd &#8211; Zemun<\/td>\n<td width=\"224\">ZTR Elektrobataja<\/td>\n<td width=\"233\">Branislava Bari\u0161i\u0107a doktora 86g<\/td>\n<td width=\"221\">062 872 34 30<\/td>\n<\/tr>\n<tr>\n<td width=\"284\">Beograd &#8211; Zemun<\/td>\n<td width=\"224\">Frigocom doo<\/td>\n<td width=\"233\">Dobanovacki put 61 D<\/td>\n<td width=\"221\">063 804 7007<\/td>\n<\/tr>\n<tr>\n<td width=\"284\">Beograd &#8211; Zemun<\/td>\n<td width=\"224\">FM-Klima<\/td>\n<td width=\"233\">Joze Lauren\u010di\u0107a 17<\/td>\n<td width=\"221\">060 321 46 64<\/td>\n<\/tr>\n<tr>\n<td width=\"284\">Beograd &#8211; Zvezdara<\/td>\n<td width=\"224\">Klima Best<\/td>\n<td width=\"233\">Kova\u010deva 14\/1<\/td>\n<td width=\"221\">064 146 72 17<\/td>\n<\/tr>\n<tr>\n<td width=\"284\">Beograd &#8211; Zvezdara<\/td>\n<td width=\"224\">Tim Tehno Servis<\/td>\n<td width=\"233\">Ustani\u010dka 189<\/td>\n<td width=\"221\">062 190 10 07<\/td>\n<\/tr>\n<tr>\n<td width=\"284\">Beograd &#8211; Zvezdara<\/td>\n<td width=\"224\">Home Cool System<\/td>\n<td width=\"233\">Gospi\u0107ka 21<\/td>\n<td width=\"221\">065 888 85 59<\/td>\n<\/tr>\n<tr>\n<td width=\"284\">Beograd &#8211; Zvezdara<\/td>\n<td width=\"224\">Termo &amp; Cold<\/td>\n<td width=\"233\">Miljana Miljani\u0107a 5b<\/td>\n<td width=\"221\">011 3960 025<\/td>\n<\/tr>\n<tr>\n<td width=\"284\">Beograd &#8211; Zvezdara<\/td>\n<td width=\"224\">Frigo Angel<\/td>\n<td width=\"233\">Galilejeva 7<\/td>\n<td width=\"221\">064 137 9095<\/td>\n<\/tr>\n<tr>\n<td width=\"284\">\u010ca\u010dak<\/td>\n<td width=\"224\">CMC Elektro<\/td>\n<td width=\"233\">Konjevi\u0107i bb<\/td>\n<td width=\"221\">063 813 8485<\/td>\n<\/tr>\n<tr>\n<td width=\"284\">\u010centa<\/td>\n<td width=\"224\">Klima IN sistem<\/td>\n<td width=\"233\">Uro\u0161a Predi\u0107a 14<\/td>\n<td width=\"221\">063 525 545<\/td>\n<\/tr>\n<tr>\n<td width=\"284\">\u010cukarica<\/td>\n<td width=\"224\">Beomont klima<\/td>\n<td width=\"233\">Vladimira Rolovi\u0107a 164<\/td>\n<td width=\"221\">064 668 4175<\/td>\n<\/tr>\n<tr>\n<td width=\"284\">Deliblato &#8211; Kovin<\/td>\n<td width=\"224\">Elektro frigo Bane<\/td>\n<td width=\"233\">Mar\u0161ala Tita 51 Deliblato<\/td>\n<td width=\"221\">064 4324 974<\/td>\n<\/tr>\n<tr>\n<td width=\"284\">Gospodjinci<\/td>\n<td width=\"224\">SVT Pro-clime<\/td>\n<td width=\"233\">Vuka Karadzi\u0107a 1<\/td>\n<td width=\"221\">069 2602 087<\/td>\n<\/tr>\n<tr>\n<td width=\"284\">Jagodina<\/td>\n<td width=\"224\">Elektro doo<\/td>\n<td width=\"233\">Slavke Djurdjevi\u0107 6a<\/td>\n<td width=\"221\">063 610 487<\/td>\n<\/tr>\n<tr>\n<td width=\"284\">Kikinda<\/td>\n<td width=\"224\">Lamar Security<\/td>\n<td width=\"233\">Milo\u0161a Velikog 85<\/td>\n<td width=\"221\">063 549 236<\/td>\n<\/tr>\n<tr>\n<td width=\"284\">Kragujevac<\/td>\n<td width=\"224\">SZR-Servis Cool<\/td>\n<td width=\"233\">Kneza Mihaila 52a<\/td>\n<td width=\"221\">063 81 36 351<\/td>\n<\/tr>\n<tr>\n<td width=\"284\">Kraljevo<\/td>\n<td width=\"224\">ZTUR Bo\u0107o<\/td>\n<td width=\"233\">Oplani\u0107i 181b<\/td>\n<td width=\"221\">064 181 3999<\/td>\n<\/tr>\n<tr>\n<td width=\"284\">Kraljevo<\/td>\n<td width=\"224\">Vo\u017ed elektro<\/td>\n<td width=\"233\">Druga Autodromska 10<\/td>\n<td width=\"221\">063 663 445<\/td>\n<\/tr>\n<tr>\n<td width=\"284\">Leskovac<\/td>\n<td width=\"224\">Elektra Creativa Group<\/td>\n<td width=\"233\">Kneza Milosa 158<\/td>\n<td width=\"221\">063 841 6593<\/td>\n<\/tr>\n<tr>\n<td width=\"284\">Loznica<\/td>\n<td width=\"224\">BS Elektronika<\/td>\n<td width=\"233\">Vojvode Putnika L1<\/td>\n<td width=\"221\">064 2033 767<\/td>\n<\/tr>\n<tr>\n<td width=\"284\">Negotin<\/td>\n<td width=\"224\">Tweety klime<\/td>\n<td width=\"233\">Bo\u017eidara Januci\u0107a 1<\/td>\n<td width=\"221\">063 8544 289<\/td>\n<\/tr>\n<tr>\n<td width=\"284\">Ni\u0161<\/td>\n<td width=\"224\">Frigo Oprema doo<\/td>\n<td width=\"233\">Majakovskog 91<\/td>\n<td width=\"221\">064 111 8 111<\/td>\n<\/tr>\n<tr>\n<td width=\"284\">Ni\u0161<\/td>\n<td width=\"224\">Klimatronik 016<\/td>\n<td width=\"233\">Vojvode Mi\u0161i\u0107a 2<\/td>\n<td width=\"221\">062 737 657<\/td>\n<\/tr>\n<tr>\n<td width=\"284\">Ni\u0161<\/td>\n<td width=\"224\">Frigo Ivan 018<\/td>\n<td width=\"233\">Knja\u017eeva\u010dka 152 c<\/td>\n<td width=\"221\">064 416 8311<\/td>\n<\/tr>\n<tr>\n<td width=\"284\">Novi Be\u010dej<\/td>\n<td width=\"224\">Klima-Deks<\/td>\n<td width=\"233\">Bore Glava\u0161kog 72<\/td>\n<td width=\"221\">062 587 935<\/td>\n<\/tr>\n<tr>\n<td width=\"284\">Novi Pazar<\/td>\n<td width=\"224\">Tehno &#8211; M<\/td>\n<td width=\"233\">Zlatarska 14<\/td>\n<td width=\"221\">063 666 310<\/td>\n<\/tr>\n<tr>\n<td width=\"284\">Novi Pazar<\/td>\n<td width=\"224\">MD Elektro tim<\/td>\n<td width=\"233\">Stevanja Nemanje bb<\/td>\n<td width=\"221\">064 177 5015<\/td>\n<\/tr>\n<tr>\n<td>Novi Sad<\/td>\n<td>Freon doo<\/td>\n<td>Adi Endrea 11<\/td>\n<td width=\"221\">063 77 06 308<\/td>\n<\/tr>\n<tr>\n<td width=\"284\">Novi Sad<\/td>\n<td width=\"224\">Erceg Energy<\/td>\n<td width=\"233\">Branka \u0106opi\u0107a 213<\/td>\n<td width=\"221\">069 114 3903<\/td>\n<\/tr>\n<tr>\n<td width=\"284\">Novi Sad<\/td>\n<td width=\"224\">Elektrospektar Ves<\/td>\n<td width=\"233\">Teodora Pavlovi\u0107a 10<\/td>\n<td width=\"221\">021 506 760<\/td>\n<\/tr>\n<tr>\n<td width=\"284\">Novi Sad &#8211; Futog<\/td>\n<td width=\"224\">Ekomont<\/td>\n<td width=\"233\">Marije Bursa\u0107 9<\/td>\n<td width=\"221\">063 543 306<\/td>\n<\/tr>\n<tr>\n<td width=\"284\">Pan\u010devo<\/td>\n<td width=\"224\">SZR Frigo Pe\u0111a<\/td>\n<td width=\"233\">Karadjordjeva 67<\/td>\n<td width=\"221\">063 771 24 16<\/td>\n<\/tr>\n<tr>\n<td width=\"284\">Pan\u010devo<\/td>\n<td width=\"224\">Klima servis Frigopan<\/td>\n<td width=\"233\">Kralja Milana Obrenovi\u0107a 14\/20<\/td>\n<td width=\"221\">064 162 5581<\/td>\n<\/tr>\n<tr>\n<td width=\"284\">Pan\u010devo<\/td>\n<td width=\"224\">Instal Frigo 013<\/td>\n<td width=\"233\">Breza 46<\/td>\n<td width=\"221\">069 263 8009<\/td>\n<\/tr>\n<tr>\n<td width=\"284\">Pan\u010devo<\/td>\n<td width=\"224\">Servis Ratkovi\u0107<\/td>\n<td width=\"233\">Semberijska 14<\/td>\n<td width=\"221\">063 472 524<\/td>\n<\/tr>\n<tr>\n<td width=\"284\">Pirot<\/td>\n<td width=\"224\">Elektra Creativa Group<\/td>\n<td width=\"233\">Kneza Milosa 158<\/td>\n<td width=\"221\">063 841 6593<\/td>\n<\/tr>\n<tr>\n<td width=\"284\">Po\u017earevac<\/td>\n<td width=\"224\">Elektra Creativa Group<\/td>\n<td width=\"233\">Kneza Milosa 158<\/td>\n<td width=\"221\">063 841 6593<\/td>\n<\/tr>\n<tr>\n<td width=\"284\">Sombor<\/td>\n<td width=\"224\">Frigo Deki<\/td>\n<td width=\"233\">Vere Gucunje 97<\/td>\n<td width=\"221\">061 301 2253<\/td>\n<\/tr>\n<tr>\n<td width=\"284\">Sombor<\/td>\n<td width=\"224\">FM-Klima<\/td>\n<td width=\"233\">Vojvodjanska 28<\/td>\n<td width=\"221\">060 321 46 64<\/td>\n<\/tr>\n<tr>\n<td width=\"284\">Sremska Mitrovica<\/td>\n<td width=\"224\">Klimatronik<\/td>\n<td width=\"233\">Josifa Raja\u010di\u0107a 14<\/td>\n<td width=\"221\">060 175 44 44<\/td>\n<\/tr>\n<tr>\n<td width=\"284\">Sremska Mitrovica &#8211; Bogati\u0107<\/td>\n<td width=\"224\">Energo Instal<\/td>\n<td width=\"233\">Save Sretenovi\u0107 8, No\u0107aj<\/td>\n<td width=\"221\">069 3311 757<\/td>\n<\/tr>\n<tr>\n<td width=\"284\">Sremska Mitrovica &#8211; La\u0107arak<\/td>\n<td width=\"224\">Klima kontrol<\/td>\n<td width=\"233\">Savska 30<\/td>\n<td width=\"221\">061 81 39 396<\/td>\n<\/tr>\n<tr>\n<td width=\"284\">Subotica<\/td>\n<td width=\"224\">Atmosfera Subotica<\/td>\n<td width=\"233\">Jelene \u0106etkovi\u0107 22<\/td>\n<td width=\"221\">061 270 1854<\/td>\n<\/tr>\n<tr>\n<td width=\"284\">Subotica<\/td>\n<td width=\"224\">Middle Tech<\/td>\n<td width=\"233\">Bra\u010dka 19<\/td>\n<td width=\"221\">064 669 4903<\/td>\n<\/tr>\n<tr>\n<td width=\"284\">Subotica<\/td>\n<td width=\"224\">Frigo line SU<\/td>\n<td width=\"233\">Svete Katarine 36<\/td>\n<td width=\"221\">066 0019 89<\/td>\n<\/tr>\n<tr>\n<td width=\"284\">Subotica<\/td>\n<td width=\"224\">Era<\/td>\n<td width=\"233\">Jovana Miki\u0107a 150<\/td>\n<td width=\"221\">063 863 1576<\/td>\n<\/tr>\n<tr>\n<td width=\"284\">Trstenik<\/td>\n<td width=\"224\">Luka &#8211; Elektro<\/td>\n<td width=\"233\">Svetog Save bb, lokal B1<\/td>\n<td width=\"221\">069 612 524<\/td>\n<\/tr>\n<tr>\n<td width=\"284\">U\u017eice &#8211; Zlatibor<\/td>\n<td width=\"224\">ZR Sne\u0161ko52<\/td>\n<td width=\"233\">Orlovac 8<\/td>\n<td width=\"221\">063 626 525<\/td>\n<\/tr>\n<tr>\n<td width=\"284\">Valjevo<\/td>\n<td width=\"224\">Inverter Frigo N-M-I<\/td>\n<td width=\"233\">Ljubisava Andri\u0107a 17<\/td>\n<td width=\"221\">064 0322 573<\/td>\n<\/tr>\n<tr>\n<td width=\"284\">Valjevo<\/td>\n<td width=\"224\">SEA Frigotehnika Valjevo<\/td>\n<td width=\"233\">Jakova Nenadovi\u0107a 70 \/Karadjordjeva 2<\/td>\n<td width=\"221\">060 6633 152<\/td>\n<\/tr>\n<tr>\n<td width=\"284\">Valjevo<\/td>\n<td width=\"224\">Unikom Unisat<\/td>\n<td width=\"233\">Uzun Mirkova bb<\/td>\n<td width=\"221\">064 278 1333<\/td>\n<\/tr>\n<tr>\n<td width=\"284\">Velika Plana<\/td>\n<td width=\"224\">Frigo Mratinkovi\u0107<\/td>\n<td width=\"233\">Bulevar Despota Stefana 51<\/td>\n<td width=\"221\">062 87 57 411<\/td>\n<\/tr>\n<tr>\n<td width=\"284\">Veliko Gradiste<\/td>\n<td width=\"224\">Servis Giga<\/td>\n<td width=\"233\">Bo\u0161ka Vrebalova bb<\/td>\n<td width=\"221\">063 311 402<\/td>\n<\/tr>\n<tr>\n<td width=\"284\">Vrnja\u010dka banja<\/td>\n<td width=\"224\">Frigo Elektrik Luki\u0107<\/td>\n<td width=\"233\">Nemanjina 15<\/td>\n<td width=\"221\">064 194 0733<\/td>\n<\/tr>\n<tr>\n<td width=\"284\">Vr\u0161ac<\/td>\n<td width=\"224\">Servis Polaris<\/td>\n<td width=\"233\">Vojvo\u0111anskih brigada 6<\/td>\n<td width=\"221\">063 834 7025<\/td>\n<\/tr>\n<tr>\n<td width=\"284\">Zrenjanin<\/td>\n<td width=\"224\">S.R MIJATOVI\u0106<\/td>\n<td width=\"233\">\u017darka Zrenjanina 43<\/td>\n<td width=\"221\">063 583 561<\/td>\n<\/tr>\n<tr>\n<td width=\"284\">Zrenjanin<\/td>\n<td width=\"224\">Art Cool<\/td>\n<td width=\"233\">Ivana A\u0107ina 35<\/td>\n<td width=\"221\">063 776 3259<\/td>\n<\/tr>\n<tr>\n<td width=\"284\">Zrenjanin<\/td>\n<td width=\"224\">SBT PR<\/td>\n<td width=\"233\">Jovanke Dobrosavljev 10<\/td>\n<td width=\"221\">064 11 88 320<\/td>\n<\/tr>\n<tr>\n<td width=\"284\">\u017dabari<\/td>\n<td width=\"224\">Elektra Creativa Group<\/td>\n<td width=\"233\">Kneza Milosa 158<\/td>\n<td width=\"221\">063 841 6593<\/td>\n<\/tr>\n<\/tbody>\n<\/table>\n<p>[\/vc_column_text][\/vc_column_inner][\/vc_row_inner][\/vc_column][\/vc_row][\/vc_section][vc_row full_width=&#8221;stretch_row&#8221; el_class=&#8221;resources&#8221; css=&#8221;.vc_custom_1554722097490{background-image: url(https:\/\/unijaserviseraklima.rs\/wp-content\/uploads\/2019\/04\/compaign_bg.jpg?id=1032) !important;}&#8221;][vc_column][vc_row_inner el_class=&#8221;cellpadding&#8221;][vc_column_inner width=&#8221;7\/12&#8243;][envit_single_section layout=&#8221;layout_two&#8221; test_description=&#8221;Brojne mogu\u0107nosti su na raspolaganju: edukacije, novi klijenti, razmena informacija o delovima, stalna pomo\u0107 kolega&#8221; main_heading=&#8221;POSTANI \u010cLAN UNIJE&#8221; subtitle_heading=&#8221;Postani prepoznatljiv servis u gradu&#8221; link=&#8221;url:https%3A%2F%2Funijaserviseraklima.rs%2Findex.php%2Fregistracija-clanova%2F|title:Registruj%20se||&#8221;][\/vc_column_inner][vc_column_inner width=&#8221;5\/12&#8243;][vc_single_image image=&#8221;1514&#8243; img_size=&#8221;full&#8221;][\/vc_column_inner][\/vc_row_inner][\/vc_column][\/vc_row]<\/p>\n","protected":false},"excerpt":{"rendered":"<p>[vc_section][vc_row el_class=&#8221;cellpadding&#8221;][vc_column][vc_row_inner el_class=&#8221;mission&#8221;][vc_column_inner][vc_custom_heading text=&#8221;\u010clanovi Unije servisera klimatizacije&#8221; font_container=&#8221;tag:h3|text_align:left&#8221; google_fonts=&#8221;&#8221; el_class=&#8221;tt-title font28&#8243;][vc_column_text][\/vc_column_text][vc_raw_html][\/vc_raw_html][vc_column_text css=&#8221;.vc_custom_1503993696060{margin-bottom: 0px !important;}&#8221;] [\/vc_column_text][vc_column_text] GRAD \/ OP\u0160TINA NAZIV SERVISA ADRESA KONTAKT TELEFON Aleksinac Elektro Zeka 018 Stevana Sremca 52\/1 [&hellip;]<\/p>\n","protected":false},"author":4,"featured_media":0,"parent":0,"menu_order":0,"comment_status":"closed","ping_status":"closed","template":"","meta":{"footnotes":""},"class_list":["post-1064","page","type-page","status-publish","hentry"],"jetpack_sharing_enabled":true,"_links":{"self":[{"href":"https:\/\/unijaserviseraklima.rs\/index.php\/wp-json\/wp\/v2\/pages\/1064","targetHints":{"allow":["GET"]}}],"collection":[{"href":"https:\/\/unijaserviseraklima.rs\/index.php\/wp-json\/wp\/v2\/pages"}],"about":[{"href":"https:\/\/unijaserviseraklima.rs\/index.php\/wp-json\/wp\/v2\/types\/page"}],"author":[{"embeddable":true,"href":"https:\/\/unijaserviseraklima.rs\/index.php\/wp-json\/wp\/v2\/users\/4"}],"replies":[{"embeddable":true,"href":"https:\/\/unijaserviseraklima.rs\/index.php\/wp-json\/wp\/v2\/comments?post=1064"}],"version-history":[{"count":58,"href":"https:\/\/unijaserviseraklima.rs\/index.php\/wp-json\/wp\/v2\/pages\/1064\/revisions"}],"predecessor-version":[{"id":2903,"href":"https:\/\/unijaserviseraklima.rs\/index.php\/wp-json\/wp\/v2\/pages\/1064\/revisions\/2903"}],"wp:attachment":[{"href":"https:\/\/unijaserviseraklima.rs\/index.php\/wp-json\/wp\/v2\/media?parent=1064"}],"curies":[{"name":"wp","href":"https:\/\/api.w.org\/{rel}","templated":true}]}}